{"id":102,"date":"2021-03-30T11:41:37","date_gmt":"2021-03-30T09:41:37","guid":{"rendered":"http:\/\/emmausvannes.org\/?page_id=102"},"modified":"2025-05-14T08:48:54","modified_gmt":"2025-05-14T06:48:54","slug":"actions-de-solidarite","status":"publish","type":"page","link":"https:\/\/emmausvannes.org\/index.php\/actions-de-solidarite\/","title":{"rendered":"Actions de solidarit\u00e9"},"content":{"rendered":"\n<h5 class=\"wp-block-heading\"><strong>Le but de nos actions<\/strong><\/h5>\n\n\n<div class=\"wp-block-image\">\n<figure class=\"aligncenter size-large\"><img loading=\"lazy\" decoding=\"async\" width=\"1024\" height=\"683\" src=\"http:\/\/emmausvannes.org\/wp-content\/uploads\/2021\/04\/DSC1242-1024x683.jpg\" alt=\"Communaut\u00e9_emmaus_vannes\" class=\"wp-image-302\" srcset=\"https:\/\/emmausvannes.org\/wp-content\/uploads\/2021\/04\/DSC1242-1024x683.jpg 1024w, https:\/\/emmausvannes.org\/wp-content\/uploads\/2021\/04\/DSC1242-300x200.jpg 300w, https:\/\/emmausvannes.org\/wp-content\/uploads\/2021\/04\/DSC1242-768x512.jpg 768w, https:\/\/emmausvannes.org\/wp-content\/uploads\/2021\/04\/DSC1242-391x260.jpg 391w, https:\/\/emmausvannes.org\/wp-content\/uploads\/2021\/04\/DSC1242-1536x1025.jpg 1536w, https:\/\/emmausvannes.org\/wp-content\/uploads\/2021\/04\/DSC1242-2048x1366.jpg 2048w, https:\/\/emmausvannes.org\/wp-content\/uploads\/2021\/04\/DSC1242-450x300.jpg 450w\" sizes=\"auto, (max-width: 1024px) 100vw, 1024px\" \/><\/figure><\/div>\n\n\n<p><strong>Secourir celui qui est dans la d\u00e9tresse.<\/strong><\/p>\n\n\n\n<p>Les b\u00e9n\u00e9fices des ventes permettent le fonctionnement de la communaut\u00e9 et donc d\u2019accueillir sans distinction d\u2019origine, de pass\u00e9 ou d\u2019opinion, des hommes et des femmes que la vie a laiss\u00e9 sur le bord de la route, les compagnes et les compagnons et leurs enfants. L&rsquo;argent collect\u00e9 sert \u00e9galement \u00e0 la solidarit\u00e9 locale, nationale et internationale !<\/p>\n\n\n\n<p><\/p>\n\n\n\n<p><strong>Au niveau local <\/strong><\/p>\n\n\n\n<p>Une communaut\u00e9 Emma\u00fcs est un lieu de vie et de solidarit\u00e9 o\u00f9 est mise en pratique la belle phrase de l\u2019Abb\u00e9 Pierre \u00ab\u202fViens m\u2019aider \u00e0 aider\u202f\u00bb. C&rsquo;est ainsi que la communaut\u00e9&nbsp;de Vannes&nbsp;a nou\u00e9 de nombreux partenariats avec des structures locales\u202f comme\u202f :&nbsp;<\/p>\n\n\n\n<p>&#8211;&nbsp;&nbsp;le CCFD \u00e0 qui elle&nbsp;donne&nbsp;r\u00e9guli\u00e8rement un tr\u00e8s grand nombre de livres qui&nbsp;sont ensuite vendus au profit d\u2019actions de solidarit\u00e9s&nbsp;internationales&nbsp;de cette association ;<\/p>\n\n\n\n<p>&#8211;&nbsp;le Moulin Vert&nbsp;de Saint-Av\u00e9 : des personnes&nbsp;de cette structure sont accueillies r\u00e9guli\u00e8rement dans nos ateliers, aux fripes en particulier.  Par ailleurs, d&rsquo;autres personnes assurent&nbsp;le reconditionnement des jouets. Nous sollicitons&nbsp;aussi&nbsp;r\u00e9guli\u00e8rement&nbsp;leur atelier de reprographie ;<\/p>\n\n\n\n<p><\/p>\n\n\n\n<p>Un soutien permanent avec des associations-s\u0153urs\u202f :<\/p>\n\n\n\n<p>&#8211; \u00ab\u202fSOS familles\u202f\u00bb pour des petits pr\u00eats sans int\u00e9r\u00eat \u00e0 des personnes en&nbsp;difficult\u00e9&nbsp;;<\/p>\n\n\n\n<p>&#8211;&nbsp;\u00ab\u202fSolidarit\u00e9 meubles\u202f\u00bb pour l\u2019acquisition de meubles \u00e0 des prix extr\u00eamement bas ;<\/p>\n\n\n\n<figure class=\"wp-block-image size-large\"><img loading=\"lazy\" decoding=\"async\" width=\"736\" height=\"1024\" src=\"https:\/\/emmausvannes.org\/wp-content\/uploads\/2025\/05\/2025-Affiche-Salon-SolidAir-Breizh-Pontivy-IMPRESSION.pdf-736x1024.png\" alt=\"\" class=\"wp-image-1465\" srcset=\"https:\/\/emmausvannes.org\/wp-content\/uploads\/2025\/05\/2025-Affiche-Salon-SolidAir-Breizh-Pontivy-IMPRESSION.pdf-736x1024.png 736w, https:\/\/emmausvannes.org\/wp-content\/uploads\/2025\/05\/2025-Affiche-Salon-SolidAir-Breizh-Pontivy-IMPRESSION.pdf-216x300.png 216w, https:\/\/emmausvannes.org\/wp-content\/uploads\/2025\/05\/2025-Affiche-Salon-SolidAir-Breizh-Pontivy-IMPRESSION.pdf-768x1068.png 768w, https:\/\/emmausvannes.org\/wp-content\/uploads\/2025\/05\/2025-Affiche-Salon-SolidAir-Breizh-Pontivy-IMPRESSION.pdf-1104x1536.png 1104w, https:\/\/emmausvannes.org\/wp-content\/uploads\/2025\/05\/2025-Affiche-Salon-SolidAir-Breizh-Pontivy-IMPRESSION.pdf.png 1438w\" sizes=\"auto, (max-width: 736px) 100vw, 736px\" \/><\/figure>\n\n\n\n<p>&#8211;&nbsp;L\u2019abri de jour  avec l\u2019association St Vincent de Paul et d\u2019autres associations pour des personnes \u00e0 la rue pendant les week-ends d\u2019hivers : de novembre \u00e0 mars.<\/p>\n\n\n\n<p>&#8211; Au printemps 2021, la participation avec un collectif d\u2019associations&nbsp;\u00e0 la r\u00e9novation de deux appartements pour l\u2019accueil de familles&nbsp;;<\/p>\n\n\n\n<p>&#8211; Le soutien \u00e0 la cr\u00e9ation d\u2019une nouvelle communaut\u00e9 Emma\u00fcs \u00e0 Pontivy.<\/p>\n\n\n\n<p><\/p>\n\n\n\n<p><strong>Au niveau national <\/strong><\/p>\n\n\n\n<p class=\"has-sitetext-color has-text-color\">Par le versement de cotisations aupr\u00e8s de la communaut\u00e9 Emma\u00fcs du Pays de Vannes soutient les actions d&rsquo;Emma\u00fcs en France par le don de mat\u00e9riels et\/ou d&rsquo;objets aupr\u00e8s d\u2019associations.<\/p>\n\n\n<div class=\"wp-block-image\">\n<figure class=\"alignright size-large is-resized\"><img loading=\"lazy\" decoding=\"async\" width=\"1024\" height=\"768\" src=\"https:\/\/emmausvannes.org\/wp-content\/uploads\/2023\/07\/Logo-EI-Pages-groupes-FR-1024x768.jpg\" alt=\"\" class=\"wp-image-1033\" style=\"aspect-ratio:1.3328631875881523;width:357px;height:auto\" srcset=\"https:\/\/emmausvannes.org\/wp-content\/uploads\/2023\/07\/Logo-EI-Pages-groupes-FR-1024x768.jpg 1024w, https:\/\/emmausvannes.org\/wp-content\/uploads\/2023\/07\/Logo-EI-Pages-groupes-FR-300x225.jpg 300w, https:\/\/emmausvannes.org\/wp-content\/uploads\/2023\/07\/Logo-EI-Pages-groupes-FR-768x576.jpg 768w, https:\/\/emmausvannes.org\/wp-content\/uploads\/2023\/07\/Logo-EI-Pages-groupes-FR-400x300.jpg 400w, https:\/\/emmausvannes.org\/wp-content\/uploads\/2023\/07\/Logo-EI-Pages-groupes-FR.jpg 1280w\" sizes=\"auto, (max-width: 1024px) 100vw, 1024px\" \/><\/figure><\/div>\n\n\n<p><\/p>\n\n\n\n<p><strong>Au niveau international<\/strong><\/p>\n\n\n\n<p class=\"has-sitetext-color has-text-color\">Par le versement de dons de mani\u00e8re ponctuelle pour soutenir les actions dans les pays du sud notamment dans les domaines de l\u2019eau et de la sant\u00e9.<\/p>\n\n\n\n<p>Par la participation chaque ann\u00e9e au salon d&rsquo;Emma\u00fcs International \u00e0 Paris dont les b\u00e9n\u00e9fices sont int\u00e9gralement revers\u00e9s pour soutenir ses actions dans l\u2019ann\u00e9e.<\/p>\n\n\n\n<p><\/p>\n","protected":false},"excerpt":{"rendered":"<p>Le but de nos actions Secourir celui qui est dans la d\u00e9tresse. Les b\u00e9n\u00e9fices des ventes permettent le fonctionnement de la communaut\u00e9 et donc d\u2019accueillir&hellip;<\/p>\n","protected":false},"author":2,"featured_media":0,"parent":0,"menu_order":0,"comment_status":"closed","ping_status":"closed","template":"","meta":{"_monsterinsights_skip_tracking":false,"_monsterinsights_sitenote_active":false,"_monsterinsights_sitenote_note":"","_monsterinsights_sitenote_category":0,"footnotes":""},"class_list":["post-102","page","type-page","status-publish","hentry"],"yoast_head":"<!-- This site is optimized with the Yoast SEO plugin v26.3 - https:\/\/yoast.com\/wordpress\/plugins\/seo\/ -->\n<title>Actions de solidarit\u00e9 - Emma\u00fcs Pays de Vannes<\/title>\n<meta name=\"description\" content=\"L&#039;objectif de nos actions de solidarit\u00e9 est de secourir celui qui est dans la d\u00e9tresse et accompagner les personnes dans leur r\u00e9insertion.\" \/>\n<meta name=\"robots\" content=\"index, follow, max-snippet:-1, max-image-preview:large, max-video-preview:-1\" \/>\n<link rel=\"canonical\" href=\"https:\/\/emmausvannes.org\/index.php\/actions-de-solidarite\/\" \/>\n<meta property=\"og:locale\" content=\"fr_FR\" \/>\n<meta property=\"og:type\" content=\"article\" \/>\n<meta property=\"og:title\" content=\"Actions de solidarit\u00e9 - Emma\u00fcs Pays de Vannes\" \/>\n<meta property=\"og:description\" content=\"L&#039;objectif de nos actions de solidarit\u00e9 est de secourir celui qui est dans la d\u00e9tresse et accompagner les personnes dans leur r\u00e9insertion.\" \/>\n<meta property=\"og:url\" content=\"https:\/\/emmausvannes.org\/index.php\/actions-de-solidarite\/\" \/>\n<meta property=\"og:site_name\" content=\"Emma\u00fcs Pays de Vannes\" \/>\n<meta property=\"article:publisher\" content=\"https:\/\/www.facebook.com\/emmausvannes56\" \/>\n<meta property=\"article:modified_time\" content=\"2025-05-14T06:48:54+00:00\" \/>\n<meta property=\"og:image\" content=\"https:\/\/emmausvannes.org\/wp-content\/uploads\/2021\/04\/DSC1242.jpg\" \/>\n\t<meta property=\"og:image:width\" content=\"2500\" \/>\n\t<meta property=\"og:image:height\" content=\"1668\" \/>\n\t<meta property=\"og:image:type\" content=\"image\/jpeg\" \/>\n<meta name=\"twitter:card\" content=\"summary_large_image\" \/>\n<meta name=\"twitter:label1\" content=\"Dur\u00e9e de lecture estim\u00e9e\" \/>\n\t<meta name=\"twitter:data1\" content=\"3 minutes\" \/>\n<script type=\"application\/ld+json\" class=\"yoast-schema-graph\">{\"@context\":\"https:\/\/schema.org\",\"@graph\":[{\"@type\":\"WebPage\",\"@id\":\"https:\/\/emmausvannes.org\/index.php\/actions-de-solidarite\/\",\"url\":\"https:\/\/emmausvannes.org\/index.php\/actions-de-solidarite\/\",\"name\":\"Actions de solidarit\u00e9 - Emma\u00fcs Pays de Vannes\",\"isPartOf\":{\"@id\":\"https:\/\/emmausvannes.org\/#website\"},\"primaryImageOfPage\":{\"@id\":\"https:\/\/emmausvannes.org\/index.php\/actions-de-solidarite\/#primaryimage\"},\"image\":{\"@id\":\"https:\/\/emmausvannes.org\/index.php\/actions-de-solidarite\/#primaryimage\"},\"thumbnailUrl\":\"http:\/\/emmausvannes.org\/wp-content\/uploads\/2021\/04\/DSC1242-1024x683.jpg\",\"datePublished\":\"2021-03-30T09:41:37+00:00\",\"dateModified\":\"2025-05-14T06:48:54+00:00\",\"description\":\"L'objectif de nos actions de solidarit\u00e9 est de secourir celui qui est dans la d\u00e9tresse et accompagner les personnes dans leur r\u00e9insertion.\",\"breadcrumb\":{\"@id\":\"https:\/\/emmausvannes.org\/index.php\/actions-de-solidarite\/#breadcrumb\"},\"inLanguage\":\"fr-FR\",\"potentialAction\":[{\"@type\":\"ReadAction\",\"target\":[\"https:\/\/emmausvannes.org\/index.php\/actions-de-solidarite\/\"]}]},{\"@type\":\"ImageObject\",\"inLanguage\":\"fr-FR\",\"@id\":\"https:\/\/emmausvannes.org\/index.php\/actions-de-solidarite\/#primaryimage\",\"url\":\"https:\/\/emmausvannes.org\/wp-content\/uploads\/2021\/04\/DSC1242.jpg\",\"contentUrl\":\"https:\/\/emmausvannes.org\/wp-content\/uploads\/2021\/04\/DSC1242.jpg\",\"width\":2500,\"height\":1668,\"caption\":\"Communaut\u00e9_emmaus_vannes\"},{\"@type\":\"BreadcrumbList\",\"@id\":\"https:\/\/emmausvannes.org\/index.php\/actions-de-solidarite\/#breadcrumb\",\"itemListElement\":[{\"@type\":\"ListItem\",\"position\":1,\"name\":\"Accueil\",\"item\":\"https:\/\/emmausvannes.org\/\"},{\"@type\":\"ListItem\",\"position\":2,\"name\":\"Actions de solidarit\u00e9\"}]},{\"@type\":\"WebSite\",\"@id\":\"https:\/\/emmausvannes.org\/#website\",\"url\":\"https:\/\/emmausvannes.org\/\",\"name\":\"Emma\u00fcs Pays de Vannes\",\"description\":\"\",\"publisher\":{\"@id\":\"https:\/\/emmausvannes.org\/#organization\"},\"potentialAction\":[{\"@type\":\"SearchAction\",\"target\":{\"@type\":\"EntryPoint\",\"urlTemplate\":\"https:\/\/emmausvannes.org\/?s={search_term_string}\"},\"query-input\":{\"@type\":\"PropertyValueSpecification\",\"valueRequired\":true,\"valueName\":\"search_term_string\"}}],\"inLanguage\":\"fr-FR\"},{\"@type\":\"Organization\",\"@id\":\"https:\/\/emmausvannes.org\/#organization\",\"name\":\"Communaut\u00e9 Emma\u00fcs pays de Vannes\",\"url\":\"https:\/\/emmausvannes.org\/\",\"logo\":{\"@type\":\"ImageObject\",\"inLanguage\":\"fr-FR\",\"@id\":\"https:\/\/emmausvannes.org\/#\/schema\/logo\/image\/\",\"url\":\"https:\/\/emmausvannes.org\/wp-content\/uploads\/2021\/04\/Logo.png\",\"contentUrl\":\"https:\/\/emmausvannes.org\/wp-content\/uploads\/2021\/04\/Logo.png\",\"width\":751,\"height\":624,\"caption\":\"Communaut\u00e9 Emma\u00fcs pays de Vannes\"},\"image\":{\"@id\":\"https:\/\/emmausvannes.org\/#\/schema\/logo\/image\/\"},\"sameAs\":[\"https:\/\/www.facebook.com\/emmausvannes56\"]}]}<\/script>\n<!-- \/ Yoast SEO plugin. -->","yoast_head_json":{"title":"Actions de solidarit\u00e9 - Emma\u00fcs Pays de Vannes","description":"L'objectif de nos actions de solidarit\u00e9 est de secourir celui qui est dans la d\u00e9tresse et accompagner les personnes dans leur r\u00e9insertion.","robots":{"index":"index","follow":"follow","max-snippet":"max-snippet:-1","max-image-preview":"max-image-preview:large","max-video-preview":"max-video-preview:-1"},"canonical":"https:\/\/emmausvannes.org\/index.php\/actions-de-solidarite\/","og_locale":"fr_FR","og_type":"article","og_title":"Actions de solidarit\u00e9 - Emma\u00fcs Pays de Vannes","og_description":"L'objectif de nos actions de solidarit\u00e9 est de secourir celui qui est dans la d\u00e9tresse et accompagner les personnes dans leur r\u00e9insertion.","og_url":"https:\/\/emmausvannes.org\/index.php\/actions-de-solidarite\/","og_site_name":"Emma\u00fcs Pays de Vannes","article_publisher":"https:\/\/www.facebook.com\/emmausvannes56","article_modified_time":"2025-05-14T06:48:54+00:00","og_image":[{"width":2500,"height":1668,"url":"https:\/\/emmausvannes.org\/wp-content\/uploads\/2021\/04\/DSC1242.jpg","type":"image\/jpeg"}],"twitter_card":"summary_large_image","twitter_misc":{"Dur\u00e9e de lecture estim\u00e9e":"3 minutes"},"schema":{"@context":"https:\/\/schema.org","@graph":[{"@type":"WebPage","@id":"https:\/\/emmausvannes.org\/index.php\/actions-de-solidarite\/","url":"https:\/\/emmausvannes.org\/index.php\/actions-de-solidarite\/","name":"Actions de solidarit\u00e9 - Emma\u00fcs Pays de Vannes","isPartOf":{"@id":"https:\/\/emmausvannes.org\/#website"},"primaryImageOfPage":{"@id":"https:\/\/emmausvannes.org\/index.php\/actions-de-solidarite\/#primaryimage"},"image":{"@id":"https:\/\/emmausvannes.org\/index.php\/actions-de-solidarite\/#primaryimage"},"thumbnailUrl":"http:\/\/emmausvannes.org\/wp-content\/uploads\/2021\/04\/DSC1242-1024x683.jpg","datePublished":"2021-03-30T09:41:37+00:00","dateModified":"2025-05-14T06:48:54+00:00","description":"L'objectif de nos actions de solidarit\u00e9 est de secourir celui qui est dans la d\u00e9tresse et accompagner les personnes dans leur r\u00e9insertion.","breadcrumb":{"@id":"https:\/\/emmausvannes.org\/index.php\/actions-de-solidarite\/#breadcrumb"},"inLanguage":"fr-FR","potentialAction":[{"@type":"ReadAction","target":["https:\/\/emmausvannes.org\/index.php\/actions-de-solidarite\/"]}]},{"@type":"ImageObject","inLanguage":"fr-FR","@id":"https:\/\/emmausvannes.org\/index.php\/actions-de-solidarite\/#primaryimage","url":"https:\/\/emmausvannes.org\/wp-content\/uploads\/2021\/04\/DSC1242.jpg","contentUrl":"https:\/\/emmausvannes.org\/wp-content\/uploads\/2021\/04\/DSC1242.jpg","width":2500,"height":1668,"caption":"Communaut\u00e9_emmaus_vannes"},{"@type":"BreadcrumbList","@id":"https:\/\/emmausvannes.org\/index.php\/actions-de-solidarite\/#breadcrumb","itemListElement":[{"@type":"ListItem","position":1,"name":"Accueil","item":"https:\/\/emmausvannes.org\/"},{"@type":"ListItem","position":2,"name":"Actions de solidarit\u00e9"}]},{"@type":"WebSite","@id":"https:\/\/emmausvannes.org\/#website","url":"https:\/\/emmausvannes.org\/","name":"Emma\u00fcs Pays de Vannes","description":"","publisher":{"@id":"https:\/\/emmausvannes.org\/#organization"},"potentialAction":[{"@type":"SearchAction","target":{"@type":"EntryPoint","urlTemplate":"https:\/\/emmausvannes.org\/?s={search_term_string}"},"query-input":{"@type":"PropertyValueSpecification","valueRequired":true,"valueName":"search_term_string"}}],"inLanguage":"fr-FR"},{"@type":"Organization","@id":"https:\/\/emmausvannes.org\/#organization","name":"Communaut\u00e9 Emma\u00fcs pays de Vannes","url":"https:\/\/emmausvannes.org\/","logo":{"@type":"ImageObject","inLanguage":"fr-FR","@id":"https:\/\/emmausvannes.org\/#\/schema\/logo\/image\/","url":"https:\/\/emmausvannes.org\/wp-content\/uploads\/2021\/04\/Logo.png","contentUrl":"https:\/\/emmausvannes.org\/wp-content\/uploads\/2021\/04\/Logo.png","width":751,"height":624,"caption":"Communaut\u00e9 Emma\u00fcs pays de Vannes"},"image":{"@id":"https:\/\/emmausvannes.org\/#\/schema\/logo\/image\/"},"sameAs":["https:\/\/www.facebook.com\/emmausvannes56"]}]}},"_links":{"self":[{"href":"https:\/\/emmausvannes.org\/index.php\/wp-json\/wp\/v2\/pages\/102","targetHints":{"allow":["GET"]}}],"collection":[{"href":"https:\/\/emmausvannes.org\/index.php\/wp-json\/wp\/v2\/pages"}],"about":[{"href":"https:\/\/emmausvannes.org\/index.php\/wp-json\/wp\/v2\/types\/page"}],"author":[{"embeddable":true,"href":"https:\/\/emmausvannes.org\/index.php\/wp-json\/wp\/v2\/users\/2"}],"replies":[{"embeddable":true,"href":"https:\/\/emmausvannes.org\/index.php\/wp-json\/wp\/v2\/comments?post=102"}],"version-history":[{"count":15,"href":"https:\/\/emmausvannes.org\/index.php\/wp-json\/wp\/v2\/pages\/102\/revisions"}],"predecessor-version":[{"id":1467,"href":"https:\/\/emmausvannes.org\/index.php\/wp-json\/wp\/v2\/pages\/102\/revisions\/1467"}],"wp:attachment":[{"href":"https:\/\/emmausvannes.org\/index.php\/wp-json\/wp\/v2\/media?parent=102"}],"curies":[{"name":"wp","href":"https:\/\/api.w.org\/{rel}","templated":true}]}}