{"id":66,"date":"2021-03-30T11:07:40","date_gmt":"2021-03-30T09:07:40","guid":{"rendered":"http:\/\/emmausvannes.org\/?page_id=66"},"modified":"2022-07-28T09:26:17","modified_gmt":"2022-07-28T07:26:17","slug":"sengager","status":"publish","type":"page","link":"https:\/\/emmausvannes.org\/index.php\/sengager\/","title":{"rendered":"S&rsquo;engager"},"content":{"rendered":"\n<h2 class=\"wp-block-heading\"> <\/h2>\n\n\n\n<figure class=\"wp-block-gallery has-nested-images columns-default is-cropped wp-block-gallery-1 is-layout-flex wp-block-gallery-is-layout-flex\">\n<figure class=\"wp-block-image size-large\"><img loading=\"lazy\" decoding=\"async\" width=\"1024\" height=\"683\" data-id=\"181\" src=\"http:\/\/emmausvannes.org\/wp-content\/uploads\/2021\/04\/DSC1453-1-1024x683.jpg\" alt=\"Amies-ben\u00e9voles communaut\u00e9 emma\u00fcs pays de Vannes\" class=\"wp-image-181\" srcset=\"https:\/\/emmausvannes.org\/wp-content\/uploads\/2021\/04\/DSC1453-1-1024x683.jpg 1024w, https:\/\/emmausvannes.org\/wp-content\/uploads\/2021\/04\/DSC1453-1-300x200.jpg 300w, https:\/\/emmausvannes.org\/wp-content\/uploads\/2021\/04\/DSC1453-1-768x513.jpg 768w, https:\/\/emmausvannes.org\/wp-content\/uploads\/2021\/04\/DSC1453-1-391x260.jpg 391w, https:\/\/emmausvannes.org\/wp-content\/uploads\/2021\/04\/DSC1453-1-1536x1025.jpg 1536w, https:\/\/emmausvannes.org\/wp-content\/uploads\/2021\/04\/DSC1453-1-2048x1367.jpg 2048w, https:\/\/emmausvannes.org\/wp-content\/uploads\/2021\/04\/DSC1453-1-449x300.jpg 449w\" sizes=\"auto, (max-width: 1024px) 100vw, 1024px\" \/><\/figure>\n\n\n\n<figure class=\"wp-block-image size-large\"><img loading=\"lazy\" decoding=\"async\" width=\"1024\" height=\"683\" data-id=\"342\" src=\"http:\/\/emmausvannes.org\/wp-content\/uploads\/2021\/05\/engager_emmaus_vannes-1024x683.jpg\" alt=\"engager_emmaus_vannes\" class=\"wp-image-342\" srcset=\"https:\/\/emmausvannes.org\/wp-content\/uploads\/2021\/05\/engager_emmaus_vannes-1024x683.jpg 1024w, https:\/\/emmausvannes.org\/wp-content\/uploads\/2021\/05\/engager_emmaus_vannes-300x200.jpg 300w, https:\/\/emmausvannes.org\/wp-content\/uploads\/2021\/05\/engager_emmaus_vannes-768x512.jpg 768w, https:\/\/emmausvannes.org\/wp-content\/uploads\/2021\/05\/engager_emmaus_vannes-391x260.jpg 391w, https:\/\/emmausvannes.org\/wp-content\/uploads\/2021\/05\/engager_emmaus_vannes-1536x1025.jpg 1536w, https:\/\/emmausvannes.org\/wp-content\/uploads\/2021\/05\/engager_emmaus_vannes-450x300.jpg 450w, https:\/\/emmausvannes.org\/wp-content\/uploads\/2021\/05\/engager_emmaus_vannes.jpg 2048w\" sizes=\"auto, (max-width: 1024px) 100vw, 1024px\" \/><\/figure>\n<\/figure>\n\n\n\n<p><strong>Que font les amis-b\u00e9n\u00e9voles ?<\/strong><\/p>\n\n\n\n<p>\u00catre ami chez Emma\u00fcs c\u2019est \u00eatre utile dans une association qui redonne confiance et aide des personnes \u00e0 retrouver un projet de vie et une dignit\u00e9 par le travail. Cela permet \u00e9galement de faire de nouvelles rencontres et de c\u00f4toyer des personnes d\u2019horizons diff\u00e9rents. Compagnons, amis, salari\u00e9s font tous partie d\u2019une m\u00eame communaut\u00e9 qui compose le \u00ab\u00a0tr\u00e9pied\u00a0\u00bb. <\/p>\n\n\n\n<p><strong>Pourquoi s\u2019engager ?<\/strong><\/p>\n\n\n\n<p>Les amis font toutes sortes de missions diff\u00e9rentes : le tri, la collecte ou encore la r\u00e9novation de meubles. La communaut\u00e9 de Vannes est toujours \u00e0 la recherche de nouvelles comp\u00e9tences. Venez mettre vos talents au service des autres ! Chacun est libre de donner son temps en fonction de ses disponibilit\u00e9s.<\/p>\n\n\n\n<p><strong>Comment s\u2019engager ?<\/strong><\/p>\n\n\n\n<p>Contactez nous d&rsquo;abord \u00e0 l&rsquo;adresse mail : contact@emmausvannes.org. Ensuite, vous serez convi\u00e9 pour une rencontre lors d&rsquo;une premi\u00e8re r\u00e9union d&rsquo;information. Pendant cette r\u00e9union, la communaut\u00e9 sera pr\u00e9sent\u00e9e ainsi que ses diff\u00e9rentes activit\u00e9s. Si vous souhaitez devenir ami-b\u00e9n\u00e9vole, une personne avec plus d&rsquo;anciennet\u00e9 vous accompagnera pendant vous premiers pas dans la communaut\u00e9.<\/p>\n\n\n\n<p>N\u2019h\u00e9sitez pas \u00e0 nous contacter pour plus d&rsquo;information !<\/p>\n","protected":false},"excerpt":{"rendered":"<p>Que font les amis-b\u00e9n\u00e9voles ? \u00catre ami chez Emma\u00fcs c\u2019est \u00eatre utile dans une association qui redonne confiance et aide des personnes \u00e0 retrouver un&hellip;<\/p>\n","protected":false},"author":2,"featured_media":0,"parent":0,"menu_order":0,"comment_status":"closed","ping_status":"closed","template":"","meta":{"_monsterinsights_skip_tracking":false,"_monsterinsights_sitenote_active":false,"_monsterinsights_sitenote_note":"","_monsterinsights_sitenote_category":0,"footnotes":""},"class_list":["post-66","page","type-page","status-publish","hentry"],"yoast_head":"<!-- This site is optimized with the Yoast SEO plugin v26.3 - https:\/\/yoast.com\/wordpress\/plugins\/seo\/ -->\n<title>S&#039;engager - Emma\u00fcs Pays de Vannes<\/title>\n<meta name=\"description\" content=\"Vous souhaitez vous engager pour la communaut\u00e9 Emma\u00fcs Pays de Vannes ? N&#039;h\u00e9sitez pas \u00e0 nous contacter pour plus d&#039;information.\" \/>\n<meta name=\"robots\" content=\"index, follow, max-snippet:-1, max-image-preview:large, max-video-preview:-1\" \/>\n<link rel=\"canonical\" href=\"https:\/\/emmausvannes.org\/index.php\/sengager\/\" \/>\n<meta property=\"og:locale\" content=\"fr_FR\" \/>\n<meta property=\"og:type\" content=\"article\" \/>\n<meta property=\"og:title\" content=\"S&#039;engager - Emma\u00fcs Pays de Vannes\" \/>\n<meta property=\"og:description\" content=\"Vous souhaitez vous engager pour la communaut\u00e9 Emma\u00fcs Pays de Vannes ? N&#039;h\u00e9sitez pas \u00e0 nous contacter pour plus d&#039;information.\" \/>\n<meta property=\"og:url\" content=\"https:\/\/emmausvannes.org\/index.php\/sengager\/\" \/>\n<meta property=\"og:site_name\" content=\"Emma\u00fcs Pays de Vannes\" \/>\n<meta property=\"article:publisher\" content=\"https:\/\/www.facebook.com\/emmausvannes56\" \/>\n<meta property=\"article:modified_time\" content=\"2022-07-28T07:26:17+00:00\" \/>\n<meta property=\"og:image\" content=\"http:\/\/emmausvannes.org\/wp-content\/uploads\/2021\/04\/DSC1453-1-1024x683.jpg\" \/>\n<meta name=\"twitter:card\" content=\"summary_large_image\" \/>\n<meta name=\"twitter:label1\" content=\"Dur\u00e9e de lecture estim\u00e9e\" \/>\n\t<meta name=\"twitter:data1\" content=\"2 minutes\" \/>\n<script type=\"application\/ld+json\" class=\"yoast-schema-graph\">{\"@context\":\"https:\/\/schema.org\",\"@graph\":[{\"@type\":\"WebPage\",\"@id\":\"https:\/\/emmausvannes.org\/index.php\/sengager\/\",\"url\":\"https:\/\/emmausvannes.org\/index.php\/sengager\/\",\"name\":\"S'engager - Emma\u00fcs Pays de Vannes\",\"isPartOf\":{\"@id\":\"https:\/\/emmausvannes.org\/#website\"},\"primaryImageOfPage\":{\"@id\":\"https:\/\/emmausvannes.org\/index.php\/sengager\/#primaryimage\"},\"image\":{\"@id\":\"https:\/\/emmausvannes.org\/index.php\/sengager\/#primaryimage\"},\"thumbnailUrl\":\"http:\/\/emmausvannes.org\/wp-content\/uploads\/2021\/04\/DSC1453-1-1024x683.jpg\",\"datePublished\":\"2021-03-30T09:07:40+00:00\",\"dateModified\":\"2022-07-28T07:26:17+00:00\",\"description\":\"Vous souhaitez vous engager pour la communaut\u00e9 Emma\u00fcs Pays de Vannes ? N'h\u00e9sitez pas \u00e0 nous contacter pour plus d'information.\",\"breadcrumb\":{\"@id\":\"https:\/\/emmausvannes.org\/index.php\/sengager\/#breadcrumb\"},\"inLanguage\":\"fr-FR\",\"potentialAction\":[{\"@type\":\"ReadAction\",\"target\":[\"https:\/\/emmausvannes.org\/index.php\/sengager\/\"]}]},{\"@type\":\"ImageObject\",\"inLanguage\":\"fr-FR\",\"@id\":\"https:\/\/emmausvannes.org\/index.php\/sengager\/#primaryimage\",\"url\":\"http:\/\/emmausvannes.org\/wp-content\/uploads\/2021\/04\/DSC1453-1-1024x683.jpg\",\"contentUrl\":\"http:\/\/emmausvannes.org\/wp-content\/uploads\/2021\/04\/DSC1453-1-1024x683.jpg\"},{\"@type\":\"BreadcrumbList\",\"@id\":\"https:\/\/emmausvannes.org\/index.php\/sengager\/#breadcrumb\",\"itemListElement\":[{\"@type\":\"ListItem\",\"position\":1,\"name\":\"Accueil\",\"item\":\"https:\/\/emmausvannes.org\/\"},{\"@type\":\"ListItem\",\"position\":2,\"name\":\"S&rsquo;engager\"}]},{\"@type\":\"WebSite\",\"@id\":\"https:\/\/emmausvannes.org\/#website\",\"url\":\"https:\/\/emmausvannes.org\/\",\"name\":\"Emma\u00fcs Pays de Vannes\",\"description\":\"\",\"publisher\":{\"@id\":\"https:\/\/emmausvannes.org\/#organization\"},\"potentialAction\":[{\"@type\":\"SearchAction\",\"target\":{\"@type\":\"EntryPoint\",\"urlTemplate\":\"https:\/\/emmausvannes.org\/?s={search_term_string}\"},\"query-input\":{\"@type\":\"PropertyValueSpecification\",\"valueRequired\":true,\"valueName\":\"search_term_string\"}}],\"inLanguage\":\"fr-FR\"},{\"@type\":\"Organization\",\"@id\":\"https:\/\/emmausvannes.org\/#organization\",\"name\":\"Communaut\u00e9 Emma\u00fcs pays de Vannes\",\"url\":\"https:\/\/emmausvannes.org\/\",\"logo\":{\"@type\":\"ImageObject\",\"inLanguage\":\"fr-FR\",\"@id\":\"https:\/\/emmausvannes.org\/#\/schema\/logo\/image\/\",\"url\":\"https:\/\/emmausvannes.org\/wp-content\/uploads\/2021\/04\/Logo.png\",\"contentUrl\":\"https:\/\/emmausvannes.org\/wp-content\/uploads\/2021\/04\/Logo.png\",\"width\":751,\"height\":624,\"caption\":\"Communaut\u00e9 Emma\u00fcs pays de Vannes\"},\"image\":{\"@id\":\"https:\/\/emmausvannes.org\/#\/schema\/logo\/image\/\"},\"sameAs\":[\"https:\/\/www.facebook.com\/emmausvannes56\"]}]}<\/script>\n<!-- \/ Yoast SEO plugin. -->","yoast_head_json":{"title":"S'engager - Emma\u00fcs Pays de Vannes","description":"Vous souhaitez vous engager pour la communaut\u00e9 Emma\u00fcs Pays de Vannes ? N'h\u00e9sitez pas \u00e0 nous contacter pour plus d'information.","robots":{"index":"index","follow":"follow","max-snippet":"max-snippet:-1","max-image-preview":"max-image-preview:large","max-video-preview":"max-video-preview:-1"},"canonical":"https:\/\/emmausvannes.org\/index.php\/sengager\/","og_locale":"fr_FR","og_type":"article","og_title":"S'engager - Emma\u00fcs Pays de Vannes","og_description":"Vous souhaitez vous engager pour la communaut\u00e9 Emma\u00fcs Pays de Vannes ? N'h\u00e9sitez pas \u00e0 nous contacter pour plus d'information.","og_url":"https:\/\/emmausvannes.org\/index.php\/sengager\/","og_site_name":"Emma\u00fcs Pays de Vannes","article_publisher":"https:\/\/www.facebook.com\/emmausvannes56","article_modified_time":"2022-07-28T07:26:17+00:00","og_image":[{"url":"http:\/\/emmausvannes.org\/wp-content\/uploads\/2021\/04\/DSC1453-1-1024x683.jpg","type":"","width":"","height":""}],"twitter_card":"summary_large_image","twitter_misc":{"Dur\u00e9e de lecture estim\u00e9e":"2 minutes"},"schema":{"@context":"https:\/\/schema.org","@graph":[{"@type":"WebPage","@id":"https:\/\/emmausvannes.org\/index.php\/sengager\/","url":"https:\/\/emmausvannes.org\/index.php\/sengager\/","name":"S'engager - Emma\u00fcs Pays de Vannes","isPartOf":{"@id":"https:\/\/emmausvannes.org\/#website"},"primaryImageOfPage":{"@id":"https:\/\/emmausvannes.org\/index.php\/sengager\/#primaryimage"},"image":{"@id":"https:\/\/emmausvannes.org\/index.php\/sengager\/#primaryimage"},"thumbnailUrl":"http:\/\/emmausvannes.org\/wp-content\/uploads\/2021\/04\/DSC1453-1-1024x683.jpg","datePublished":"2021-03-30T09:07:40+00:00","dateModified":"2022-07-28T07:26:17+00:00","description":"Vous souhaitez vous engager pour la communaut\u00e9 Emma\u00fcs Pays de Vannes ? N'h\u00e9sitez pas \u00e0 nous contacter pour plus d'information.","breadcrumb":{"@id":"https:\/\/emmausvannes.org\/index.php\/sengager\/#breadcrumb"},"inLanguage":"fr-FR","potentialAction":[{"@type":"ReadAction","target":["https:\/\/emmausvannes.org\/index.php\/sengager\/"]}]},{"@type":"ImageObject","inLanguage":"fr-FR","@id":"https:\/\/emmausvannes.org\/index.php\/sengager\/#primaryimage","url":"http:\/\/emmausvannes.org\/wp-content\/uploads\/2021\/04\/DSC1453-1-1024x683.jpg","contentUrl":"http:\/\/emmausvannes.org\/wp-content\/uploads\/2021\/04\/DSC1453-1-1024x683.jpg"},{"@type":"BreadcrumbList","@id":"https:\/\/emmausvannes.org\/index.php\/sengager\/#breadcrumb","itemListElement":[{"@type":"ListItem","position":1,"name":"Accueil","item":"https:\/\/emmausvannes.org\/"},{"@type":"ListItem","position":2,"name":"S&rsquo;engager"}]},{"@type":"WebSite","@id":"https:\/\/emmausvannes.org\/#website","url":"https:\/\/emmausvannes.org\/","name":"Emma\u00fcs Pays de Vannes","description":"","publisher":{"@id":"https:\/\/emmausvannes.org\/#organization"},"potentialAction":[{"@type":"SearchAction","target":{"@type":"EntryPoint","urlTemplate":"https:\/\/emmausvannes.org\/?s={search_term_string}"},"query-input":{"@type":"PropertyValueSpecification","valueRequired":true,"valueName":"search_term_string"}}],"inLanguage":"fr-FR"},{"@type":"Organization","@id":"https:\/\/emmausvannes.org\/#organization","name":"Communaut\u00e9 Emma\u00fcs pays de Vannes","url":"https:\/\/emmausvannes.org\/","logo":{"@type":"ImageObject","inLanguage":"fr-FR","@id":"https:\/\/emmausvannes.org\/#\/schema\/logo\/image\/","url":"https:\/\/emmausvannes.org\/wp-content\/uploads\/2021\/04\/Logo.png","contentUrl":"https:\/\/emmausvannes.org\/wp-content\/uploads\/2021\/04\/Logo.png","width":751,"height":624,"caption":"Communaut\u00e9 Emma\u00fcs pays de Vannes"},"image":{"@id":"https:\/\/emmausvannes.org\/#\/schema\/logo\/image\/"},"sameAs":["https:\/\/www.facebook.com\/emmausvannes56"]}]}},"_links":{"self":[{"href":"https:\/\/emmausvannes.org\/index.php\/wp-json\/wp\/v2\/pages\/66","targetHints":{"allow":["GET"]}}],"collection":[{"href":"https:\/\/emmausvannes.org\/index.php\/wp-json\/wp\/v2\/pages"}],"about":[{"href":"https:\/\/emmausvannes.org\/index.php\/wp-json\/wp\/v2\/types\/page"}],"author":[{"embeddable":true,"href":"https:\/\/emmausvannes.org\/index.php\/wp-json\/wp\/v2\/users\/2"}],"replies":[{"embeddable":true,"href":"https:\/\/emmausvannes.org\/index.php\/wp-json\/wp\/v2\/comments?post=66"}],"version-history":[{"count":8,"href":"https:\/\/emmausvannes.org\/index.php\/wp-json\/wp\/v2\/pages\/66\/revisions"}],"predecessor-version":[{"id":893,"href":"https:\/\/emmausvannes.org\/index.php\/wp-json\/wp\/v2\/pages\/66\/revisions\/893"}],"wp:attachment":[{"href":"https:\/\/emmausvannes.org\/index.php\/wp-json\/wp\/v2\/media?parent=66"}],"curies":[{"name":"wp","href":"https:\/\/api.w.org\/{rel}","templated":true}]}}