{"id":69,"date":"2021-03-30T11:07:41","date_gmt":"2021-03-30T09:07:41","guid":{"rendered":"http:\/\/emmausvannes.org\/?page_id=69"},"modified":"2026-04-08T08:28:26","modified_gmt":"2026-04-08T06:28:26","slug":"emmaus-vannes","status":"publish","type":"page","link":"https:\/\/emmausvannes.org\/","title":{"rendered":"Accueil"},"content":{"rendered":"\n<hr class=\"wp-block-separator has-alpha-channel-opacity\"\/>\n\n\n\n<figure class=\"wp-block-image size-large\"><img loading=\"lazy\" decoding=\"async\" width=\"1024\" height=\"724\" src=\"https:\/\/emmausvannes.org\/wp-content\/uploads\/2026\/04\/p1-3-1-1024x724.png\" alt=\"\" class=\"wp-image-1721\" srcset=\"https:\/\/emmausvannes.org\/wp-content\/uploads\/2026\/04\/p1-3-1-1024x724.png 1024w, https:\/\/emmausvannes.org\/wp-content\/uploads\/2026\/04\/p1-3-1-300x212.png 300w\" sizes=\"auto, (max-width: 1024px) 100vw, 1024px\" \/><\/figure>\n\n\n\n<div class=\"wp-block-columns is-layout-flex wp-container-core-columns-is-layout-9d6595d7 wp-block-columns-is-layout-flex\">\n<div class=\"wp-block-column is-layout-flow wp-block-column-is-layout-flow\">\n<figure class=\"wp-block-image size-large\"><img loading=\"lazy\" decoding=\"async\" width=\"1024\" height=\"724\" src=\"https:\/\/emmausvannes.org\/wp-content\/uploads\/2026\/04\/96-1024x724.jpg\" alt=\"\" class=\"wp-image-1713\" srcset=\"https:\/\/emmausvannes.org\/wp-content\/uploads\/2026\/04\/96-1024x724.jpg 1024w, https:\/\/emmausvannes.org\/wp-content\/uploads\/2026\/04\/96-300x212.jpg 300w, https:\/\/emmausvannes.org\/wp-content\/uploads\/2026\/04\/96-768x543.jpg 768w, https:\/\/emmausvannes.org\/wp-content\/uploads\/2026\/04\/96-1536x1086.jpg 1536w, https:\/\/emmausvannes.org\/wp-content\/uploads\/2026\/04\/96-2048x1448.jpg 2048w\" sizes=\"auto, (max-width: 1024px) 100vw, 1024px\" \/><\/figure>\n<\/div>\n<\/div>\n\n\n\n<div class=\"wp-block-group alignfull\"><div class=\"wp-block-group__inner-container is-layout-flow wp-block-group-is-layout-flow\">\n<div class=\"wp-block-columns alignwide is-layout-flex wp-container-core-columns-is-layout-9d6595d7 wp-block-columns-is-layout-flex\">\n<div class=\"wp-block-column is-layout-flow wp-block-column-is-layout-flow\">\n<p class=\"has-text-align-left has-normal-font-size\"><strong>Horaires pour nous appeler  <\/strong><\/p>\n\n\n\n<p><mark style=\"background-color:rgba(0, 0, 0, 0);color:#f61a1a\" class=\"has-inline-color\"><strong>Du mardi au samedi<br>De 8h30 \u00e0 11h30 et de 14h00 \u00e0 17h<\/strong><\/mark><\/p>\n\n\n\n<p>T\u00e9l\u00e9phone :<mark style=\"background-color:#f9f087;color:#eb6f6f\" class=\"has-inline-color\"> <strong>02 97 66 01 77<\/strong><\/mark><\/p>\n\n\n\n<p><\/p>\n\n\n\n<div class=\"wp-block-buttons is-layout-flex wp-block-buttons-is-layout-flex\">\n<div class=\"wp-block-button is-style-fill\"><a class=\"wp-block-button__link has-headings-background-color has-background wp-element-button\" href=\"http:\/\/emmausvannes.org\/index.php\/sengager\/\" style=\"border-radius:50px\" target=\"_blank\" rel=\"noreferrer noopener\">Pour en savoir plus<\/a><\/div>\n<\/div>\n<\/div>\n\n\n\n<div class=\"wp-block-column is-layout-flow wp-block-column-is-layout-flow\">\n<p class=\"has-normal-font-size\"><strong>Horaires pour donne<\/strong>r<\/p>\n\n\n\n<p><strong><mark style=\"background-color:rgba(0, 0, 0, 0);color:#f50202\" class=\"has-inline-color\">Du mardi au samedi<br>De 8h30 \u00e0 11h30 et de 14h \u00e0 17h<\/mark><mark style=\"background-color:rgba(0, 0, 0, 0);color:#f4d902\" class=\"has-inline-color\">&nbsp;<\/mark><\/strong><\/p>\n\n\n\n<p><\/p>\n\n\n\n<div class=\"wp-block-buttons is-layout-flex wp-block-buttons-is-layout-flex\">\n<div class=\"wp-block-button\"><a class=\"wp-block-button__link has-accent-1-color has-headings-background-color has-text-color has-background wp-element-button\" href=\"http:\/\/emmausvannes.org\/index.php\/donner\/\" style=\"border-radius:50px\" target=\"_blank\" rel=\"noreferrer noopener\">Pour en savoir plus<\/a><\/div>\n<\/div>\n<\/div>\n\n\n\n<div class=\"wp-block-column is-layout-flow wp-block-column-is-layout-flow\">\n<p class=\"has-text-align-left has-normal-font-size\"><strong>Horaires pour acheter <\/strong><\/p>\n\n\n\n<p class=\"has-text-align-left\"><strong>Zone du Poulfanc \u00e0 S\u00e9n\u00e9<\/strong><\/p>\n\n\n\n<div class=\"wp-block-group is-vertical is-layout-flex wp-container-core-group-is-layout-8cf370e7 wp-block-group-is-layout-flex\">\n<p class=\"has-text-align-left\"><mark style=\"background-color:rgba(0, 0, 0, 0);color:#fa0202\" class=\"has-inline-color\"><strong>Le mercredi et le samedi<br> De 9h30 \u00e0 11h45 et de 14h \u00e0 17h15<\/strong><\/mark><\/p>\n\n\n\n<p class=\"has-text-align-left\"><mark style=\"background-color:rgba(0, 0, 0, 0);color:#fa0707\" class=\"has-inline-color\"><strong>Le vendredi de 14h \u00e0 17h15<\/strong><\/mark><\/p>\n<\/div>\n\n\n\n<div class=\"wp-block-buttons is-layout-flex wp-block-buttons-is-layout-flex\">\n<div class=\"wp-block-button\"><a class=\"wp-block-button__link has-headings-background-color has-background has-text-align-right wp-element-button\" href=\"http:\/\/emmausvannes.org\/index.php\/acheter\/\" style=\"border-radius:50px\" target=\"_blank\" rel=\"noreferrer noopener\">Pour en savoir plus<\/a><\/div>\n<\/div>\n\n\n\n<p><\/p>\n\n\n\n<p class=\"has-text-align-left\"><\/p>\n\n\n\n<p><\/p>\n\n\n\n<p class=\"has-text-align-left\"><\/p>\n<\/div>\n<\/div>\n<\/div><\/div>\n\n\n\n<p><\/p>\n\n\n\n<h2 class=\"wp-block-heading has-text-align-center\"><strong>O\u00f9 nous trouver ? <\/strong><\/h2>\n\n\n\n<div class=\"wp-block-columns is-layout-flex wp-container-core-columns-is-layout-9d6595d7 wp-block-columns-is-layout-flex\">\n<div class=\"wp-block-column is-vertically-aligned-center is-layout-flow wp-block-column-is-layout-flow\" style=\"flex-basis:100%\">\n<div class=\"wp-block-group\"><div class=\"wp-block-group__inner-container is-layout-flow wp-block-group-is-layout-flow\">\n<div class=\"wp-block-columns is-layout-flex wp-container-core-columns-is-layout-9d6595d7 wp-block-columns-is-layout-flex\">\n<div class=\"wp-block-column is-layout-flow wp-block-column-is-layout-flow\" style=\"flex-basis:100%\">\n<div class=\"wp-block-media-text alignwide is-stacked-on-mobile\"><figure class=\"wp-block-media-text__media\"><a href=\"https:\/\/www.google.com\/maps\/place\/Emma\u00fcs\/@47.6508434,-2.7127644,15z\/data=!4m5!3m4!1s0x0:0x288df91babd6ee92!8m2!3d47.6508434!4d-2.7127644\"><img loading=\"lazy\" decoding=\"async\" width=\"1024\" height=\"543\" src=\"http:\/\/emmausvannes.org\/wp-content\/uploads\/2021\/06\/Localisation_sene-1024x543.png\" alt=\"\" class=\"wp-image-393 size-full\" srcset=\"https:\/\/emmausvannes.org\/wp-content\/uploads\/2021\/06\/Localisation_sene-1024x543.png 1024w, https:\/\/emmausvannes.org\/wp-content\/uploads\/2021\/06\/Localisation_sene-300x159.png 300w, https:\/\/emmausvannes.org\/wp-content\/uploads\/2021\/06\/Localisation_sene-768x407.png 768w, https:\/\/emmausvannes.org\/wp-content\/uploads\/2021\/06\/Localisation_sene-1536x814.png 1536w, https:\/\/emmausvannes.org\/wp-content\/uploads\/2021\/06\/Localisation_sene-566x300.png 566w, https:\/\/emmausvannes.org\/wp-content\/uploads\/2021\/06\/Localisation_sene.png 1902w\" sizes=\"auto, (max-width: 1024px) 100vw, 1024px\" \/><\/a><\/figure><div class=\"wp-block-media-text__content\">\n<p class=\"has-large-font-size\">Magasins au Poulfanc<\/p>\n\n\n\n<p>10 Rue de Lorraine, 56860 S\u00e9n\u00e9<\/p>\n<\/div><\/div>\n<\/div>\n<\/div>\n<\/div><\/div>\n<\/div>\n<\/div>\n\n\n\n<div class=\"wp-block-media-text has-media-on-the-right is-stacked-on-mobile is-vertically-aligned-center\"><div class=\"wp-block-media-text__content\">\n<p class=\"has-large-font-size\">Communaut\u00e9 \u00e0 Saint-Nolff<\/p>\n\n\n\n<p>Lieu dit Le Guern, 56250 Saint-Nolff<\/p>\n<\/div><figure class=\"wp-block-media-text__media\"><a href=\"https:\/\/www.google.com\/maps\/place\/Communaut\u00e9+Emma\u00fcs+Saint+Nolff\/@47.6818827,-2.7021789,18z\/data=!4m5!3m4!1s0x480fe0e55d45440d:0x4b8f966ed9da96a0!8m2!3d47.6819218!4d-2.7011568\"><img loading=\"lazy\" decoding=\"async\" width=\"1024\" height=\"531\" src=\"http:\/\/emmausvannes.org\/wp-content\/uploads\/2021\/06\/Localisation_St-Nolff-1024x531.png\" alt=\"\" class=\"wp-image-399 size-full\" srcset=\"https:\/\/emmausvannes.org\/wp-content\/uploads\/2021\/06\/Localisation_St-Nolff-1024x531.png 1024w, https:\/\/emmausvannes.org\/wp-content\/uploads\/2021\/06\/Localisation_St-Nolff-300x156.png 300w, https:\/\/emmausvannes.org\/wp-content\/uploads\/2021\/06\/Localisation_St-Nolff-768x398.png 768w, https:\/\/emmausvannes.org\/wp-content\/uploads\/2021\/06\/Localisation_St-Nolff-1536x796.png 1536w, https:\/\/emmausvannes.org\/wp-content\/uploads\/2021\/06\/Localisation_St-Nolff-579x300.png 579w, https:\/\/emmausvannes.org\/wp-content\/uploads\/2021\/06\/Localisation_St-Nolff.png 1956w\" sizes=\"auto, (max-width: 1024px) 100vw, 1024px\" \/><\/a><\/figure><\/div>\n\n\n\n<figure class=\"wp-block-gallery has-nested-images columns-default is-cropped wp-block-gallery-1 is-layout-flex wp-block-gallery-is-layout-flex\">\n<figure class=\"wp-block-image size-large\"><img loading=\"lazy\" decoding=\"async\" width=\"1024\" height=\"683\" data-id=\"1389\" src=\"https:\/\/emmausvannes.org\/wp-content\/uploads\/2025\/01\/Au-16-1-1024x683.png\" alt=\"\" class=\"wp-image-1389\" srcset=\"https:\/\/emmausvannes.org\/wp-content\/uploads\/2025\/01\/Au-16-1-1024x683.png 1024w, https:\/\/emmausvannes.org\/wp-content\/uploads\/2025\/01\/Au-16-1-300x200.png 300w, https:\/\/emmausvannes.org\/wp-content\/uploads\/2025\/01\/Au-16-1-768x512.png 768w, https:\/\/emmausvannes.org\/wp-content\/uploads\/2025\/01\/Au-16-1-1536x1024.png 1536w, https:\/\/emmausvannes.org\/wp-content\/uploads\/2025\/01\/Au-16-1-2048x1365.png 2048w, https:\/\/emmausvannes.org\/wp-content\/uploads\/2025\/01\/Au-16-1-450x300.png 450w\" sizes=\"auto, (max-width: 1024px) 100vw, 1024px\" \/><\/figure>\n<\/figure>\n\n\n","protected":false},"excerpt":{"rendered":"<p>Horaires pour nous appeler Du mardi au samediDe 8h30 \u00e0 11h30 et de 14h00 \u00e0 17h T\u00e9l\u00e9phone : 02 97 66 01 77 Horaires pour&hellip;<\/p>\n","protected":false},"author":2,"featured_media":0,"parent":0,"menu_order":0,"comment_status":"closed","ping_status":"closed","template":"","meta":{"_monsterinsights_skip_tracking":false,"_monsterinsights_sitenote_active":false,"_monsterinsights_sitenote_note":"","_monsterinsights_sitenote_category":0,"footnotes":"[]"},"class_list":["post-69","page","type-page","status-publish","hentry"],"yoast_head":"<!-- This site is optimized with the Yoast SEO plugin v26.3 - https:\/\/yoast.com\/wordpress\/plugins\/seo\/ -->\n<title>Accueil - Emma\u00fcs Pays de Vannes<\/title>\n<meta name=\"description\" content=\"Bienvenue sur le site de la communaut\u00e9 d&#039;Emma\u00fcs Pays de Vannes. Vous pouvez achetez, donnez vos objets et vous engagez avec nous !\" \/>\n<meta name=\"robots\" content=\"index, follow, max-snippet:-1, max-image-preview:large, max-video-preview:-1\" \/>\n<link rel=\"canonical\" href=\"https:\/\/emmausvannes.org\/\" \/>\n<meta property=\"og:locale\" content=\"fr_FR\" \/>\n<meta property=\"og:type\" content=\"article\" \/>\n<meta property=\"og:title\" content=\"Rejoignez-nous sur Facebook !\" \/>\n<meta property=\"og:description\" content=\"Bienvenue sur le site de la communaut\u00e9 d&#039;Emma\u00fcs Pays de Vannes. Vous pouvez achetez, donnez vos objets et vous engagez avec nous !\" \/>\n<meta property=\"og:url\" content=\"https:\/\/emmausvannes.org\/\" \/>\n<meta property=\"og:site_name\" content=\"Emma\u00fcs Pays de Vannes\" \/>\n<meta property=\"article:publisher\" content=\"https:\/\/www.facebook.com\/emmausvannes56\" \/>\n<meta property=\"article:modified_time\" content=\"2026-04-08T06:28:26+00:00\" \/>\n<meta property=\"og:image\" content=\"https:\/\/emmausvannes.org\/wp-content\/uploads\/2026\/04\/p1-3-1.png\" \/>\n\t<meta property=\"og:image:width\" content=\"2245\" \/>\n\t<meta property=\"og:image:height\" content=\"1587\" \/>\n\t<meta property=\"og:image:type\" content=\"image\/png\" \/>\n<meta name=\"twitter:card\" content=\"summary_large_image\" \/>\n<meta name=\"twitter:label1\" content=\"Dur\u00e9e de lecture estim\u00e9e\" \/>\n\t<meta name=\"twitter:data1\" content=\"2 minutes\" \/>\n<script type=\"application\/ld+json\" class=\"yoast-schema-graph\">{\"@context\":\"https:\/\/schema.org\",\"@graph\":[{\"@type\":\"WebPage\",\"@id\":\"https:\/\/emmausvannes.org\/\",\"url\":\"https:\/\/emmausvannes.org\/\",\"name\":\"Accueil - Emma\u00fcs Pays de Vannes\",\"isPartOf\":{\"@id\":\"https:\/\/emmausvannes.org\/#website\"},\"primaryImageOfPage\":{\"@id\":\"https:\/\/emmausvannes.org\/#primaryimage\"},\"image\":{\"@id\":\"https:\/\/emmausvannes.org\/#primaryimage\"},\"thumbnailUrl\":\"https:\/\/emmausvannes.org\/wp-content\/uploads\/2026\/04\/p1-3-1-1024x724.png\",\"datePublished\":\"2021-03-30T09:07:41+00:00\",\"dateModified\":\"2026-04-08T06:28:26+00:00\",\"description\":\"Bienvenue sur le site de la communaut\u00e9 d'Emma\u00fcs Pays de Vannes. Vous pouvez achetez, donnez vos objets et vous engagez avec nous !\",\"breadcrumb\":{\"@id\":\"https:\/\/emmausvannes.org\/#breadcrumb\"},\"inLanguage\":\"fr-FR\",\"potentialAction\":[{\"@type\":\"ReadAction\",\"target\":[\"https:\/\/emmausvannes.org\/\"]}]},{\"@type\":\"ImageObject\",\"inLanguage\":\"fr-FR\",\"@id\":\"https:\/\/emmausvannes.org\/#primaryimage\",\"url\":\"https:\/\/emmausvannes.org\/wp-content\/uploads\/2026\/04\/p1-3-1.png\",\"contentUrl\":\"https:\/\/emmausvannes.org\/wp-content\/uploads\/2026\/04\/p1-3-1.png\",\"width\":2245,\"height\":1587},{\"@type\":\"BreadcrumbList\",\"@id\":\"https:\/\/emmausvannes.org\/#breadcrumb\",\"itemListElement\":[{\"@type\":\"ListItem\",\"position\":1,\"name\":\"Accueil\",\"item\":\"https:\/\/emmausvannes.org\/\"},{\"@type\":\"ListItem\",\"position\":2,\"name\":\"Accueil\"}]},{\"@type\":\"WebSite\",\"@id\":\"https:\/\/emmausvannes.org\/#website\",\"url\":\"https:\/\/emmausvannes.org\/\",\"name\":\"Emma\u00fcs Pays de Vannes\",\"description\":\"\",\"publisher\":{\"@id\":\"https:\/\/emmausvannes.org\/#organization\"},\"potentialAction\":[{\"@type\":\"SearchAction\",\"target\":{\"@type\":\"EntryPoint\",\"urlTemplate\":\"https:\/\/emmausvannes.org\/?s={search_term_string}\"},\"query-input\":{\"@type\":\"PropertyValueSpecification\",\"valueRequired\":true,\"valueName\":\"search_term_string\"}}],\"inLanguage\":\"fr-FR\"},{\"@type\":\"Organization\",\"@id\":\"https:\/\/emmausvannes.org\/#organization\",\"name\":\"Communaut\u00e9 Emma\u00fcs pays de Vannes\",\"url\":\"https:\/\/emmausvannes.org\/\",\"logo\":{\"@type\":\"ImageObject\",\"inLanguage\":\"fr-FR\",\"@id\":\"https:\/\/emmausvannes.org\/#\/schema\/logo\/image\/\",\"url\":\"https:\/\/emmausvannes.org\/wp-content\/uploads\/2021\/04\/Logo.png\",\"contentUrl\":\"https:\/\/emmausvannes.org\/wp-content\/uploads\/2021\/04\/Logo.png\",\"width\":751,\"height\":624,\"caption\":\"Communaut\u00e9 Emma\u00fcs pays de Vannes\"},\"image\":{\"@id\":\"https:\/\/emmausvannes.org\/#\/schema\/logo\/image\/\"},\"sameAs\":[\"https:\/\/www.facebook.com\/emmausvannes56\"]}]}<\/script>\n<!-- \/ Yoast SEO plugin. -->","yoast_head_json":{"title":"Accueil - Emma\u00fcs Pays de Vannes","description":"Bienvenue sur le site de la communaut\u00e9 d'Emma\u00fcs Pays de Vannes. Vous pouvez achetez, donnez vos objets et vous engagez avec nous !","robots":{"index":"index","follow":"follow","max-snippet":"max-snippet:-1","max-image-preview":"max-image-preview:large","max-video-preview":"max-video-preview:-1"},"canonical":"https:\/\/emmausvannes.org\/","og_locale":"fr_FR","og_type":"article","og_title":"Rejoignez-nous sur Facebook !","og_description":"Bienvenue sur le site de la communaut\u00e9 d'Emma\u00fcs Pays de Vannes. Vous pouvez achetez, donnez vos objets et vous engagez avec nous !","og_url":"https:\/\/emmausvannes.org\/","og_site_name":"Emma\u00fcs Pays de Vannes","article_publisher":"https:\/\/www.facebook.com\/emmausvannes56","article_modified_time":"2026-04-08T06:28:26+00:00","og_image":[{"width":2245,"height":1587,"url":"https:\/\/emmausvannes.org\/wp-content\/uploads\/2026\/04\/p1-3-1.png","type":"image\/png"}],"twitter_card":"summary_large_image","twitter_misc":{"Dur\u00e9e de lecture estim\u00e9e":"2 minutes"},"schema":{"@context":"https:\/\/schema.org","@graph":[{"@type":"WebPage","@id":"https:\/\/emmausvannes.org\/","url":"https:\/\/emmausvannes.org\/","name":"Accueil - Emma\u00fcs Pays de Vannes","isPartOf":{"@id":"https:\/\/emmausvannes.org\/#website"},"primaryImageOfPage":{"@id":"https:\/\/emmausvannes.org\/#primaryimage"},"image":{"@id":"https:\/\/emmausvannes.org\/#primaryimage"},"thumbnailUrl":"https:\/\/emmausvannes.org\/wp-content\/uploads\/2026\/04\/p1-3-1-1024x724.png","datePublished":"2021-03-30T09:07:41+00:00","dateModified":"2026-04-08T06:28:26+00:00","description":"Bienvenue sur le site de la communaut\u00e9 d'Emma\u00fcs Pays de Vannes. Vous pouvez achetez, donnez vos objets et vous engagez avec nous !","breadcrumb":{"@id":"https:\/\/emmausvannes.org\/#breadcrumb"},"inLanguage":"fr-FR","potentialAction":[{"@type":"ReadAction","target":["https:\/\/emmausvannes.org\/"]}]},{"@type":"ImageObject","inLanguage":"fr-FR","@id":"https:\/\/emmausvannes.org\/#primaryimage","url":"https:\/\/emmausvannes.org\/wp-content\/uploads\/2026\/04\/p1-3-1.png","contentUrl":"https:\/\/emmausvannes.org\/wp-content\/uploads\/2026\/04\/p1-3-1.png","width":2245,"height":1587},{"@type":"BreadcrumbList","@id":"https:\/\/emmausvannes.org\/#breadcrumb","itemListElement":[{"@type":"ListItem","position":1,"name":"Accueil","item":"https:\/\/emmausvannes.org\/"},{"@type":"ListItem","position":2,"name":"Accueil"}]},{"@type":"WebSite","@id":"https:\/\/emmausvannes.org\/#website","url":"https:\/\/emmausvannes.org\/","name":"Emma\u00fcs Pays de Vannes","description":"","publisher":{"@id":"https:\/\/emmausvannes.org\/#organization"},"potentialAction":[{"@type":"SearchAction","target":{"@type":"EntryPoint","urlTemplate":"https:\/\/emmausvannes.org\/?s={search_term_string}"},"query-input":{"@type":"PropertyValueSpecification","valueRequired":true,"valueName":"search_term_string"}}],"inLanguage":"fr-FR"},{"@type":"Organization","@id":"https:\/\/emmausvannes.org\/#organization","name":"Communaut\u00e9 Emma\u00fcs pays de Vannes","url":"https:\/\/emmausvannes.org\/","logo":{"@type":"ImageObject","inLanguage":"fr-FR","@id":"https:\/\/emmausvannes.org\/#\/schema\/logo\/image\/","url":"https:\/\/emmausvannes.org\/wp-content\/uploads\/2021\/04\/Logo.png","contentUrl":"https:\/\/emmausvannes.org\/wp-content\/uploads\/2021\/04\/Logo.png","width":751,"height":624,"caption":"Communaut\u00e9 Emma\u00fcs pays de Vannes"},"image":{"@id":"https:\/\/emmausvannes.org\/#\/schema\/logo\/image\/"},"sameAs":["https:\/\/www.facebook.com\/emmausvannes56"]}]}},"_links":{"self":[{"href":"https:\/\/emmausvannes.org\/index.php\/wp-json\/wp\/v2\/pages\/69","targetHints":{"allow":["GET"]}}],"collection":[{"href":"https:\/\/emmausvannes.org\/index.php\/wp-json\/wp\/v2\/pages"}],"about":[{"href":"https:\/\/emmausvannes.org\/index.php\/wp-json\/wp\/v2\/types\/page"}],"author":[{"embeddable":true,"href":"https:\/\/emmausvannes.org\/index.php\/wp-json\/wp\/v2\/users\/2"}],"replies":[{"embeddable":true,"href":"https:\/\/emmausvannes.org\/index.php\/wp-json\/wp\/v2\/comments?post=69"}],"version-history":[{"count":164,"href":"https:\/\/emmausvannes.org\/index.php\/wp-json\/wp\/v2\/pages\/69\/revisions"}],"predecessor-version":[{"id":1722,"href":"https:\/\/emmausvannes.org\/index.php\/wp-json\/wp\/v2\/pages\/69\/revisions\/1722"}],"wp:attachment":[{"href":"https:\/\/emmausvannes.org\/index.php\/wp-json\/wp\/v2\/media?parent=69"}],"curies":[{"name":"wp","href":"https:\/\/api.w.org\/{rel}","templated":true}]}}