{"id":71,"date":"2021-03-30T11:07:41","date_gmt":"2021-03-30T09:07:41","guid":{"rendered":"http:\/\/emmausvannes.org\/?page_id=71"},"modified":"2025-03-01T09:00:16","modified_gmt":"2025-03-01T08:00:16","slug":"notre-communaute","status":"publish","type":"page","link":"https:\/\/emmausvannes.org\/index.php\/notre-communaute\/","title":{"rendered":"Notre communaut\u00e9"},"content":{"rendered":"<div class=\"wp-block-image\">\n<figure class=\"aligncenter size-large\"><img loading=\"lazy\" decoding=\"async\" width=\"1010\" height=\"638\" src=\"http:\/\/emmausvannes.org\/wp-content\/uploads\/2021\/04\/Photo-une-excellente-equipe._-e1626771678768.jpg\" alt=\"Photo \u00e9quipe fripes\" class=\"wp-image-193\" srcset=\"https:\/\/emmausvannes.org\/wp-content\/uploads\/2021\/04\/Photo-une-excellente-equipe._-e1626771678768.jpg 1010w, https:\/\/emmausvannes.org\/wp-content\/uploads\/2021\/04\/Photo-une-excellente-equipe._-e1626771678768-300x190.jpg 300w, https:\/\/emmausvannes.org\/wp-content\/uploads\/2021\/04\/Photo-une-excellente-equipe._-e1626771678768-768x485.jpg 768w, https:\/\/emmausvannes.org\/wp-content\/uploads\/2021\/04\/Photo-une-excellente-equipe._-e1626771678768-475x300.jpg 475w\" sizes=\"auto, (max-width: 1010px) 100vw, 1010px\" \/><figcaption class=\"wp-element-caption\">Photo \u00e9quipe fripes<\/figcaption><\/figure><\/div>\n\n\n<p><strong>L&rsquo;histoire d&rsquo;Emmaus Vannes<\/strong><strong><\/strong><\/p>\n\n\n\n<p>La communaut\u00e9 de Vannes fait partie du grand r\u00e9seau Emma\u00fcs. Dans un premier temps en 1990, elle est une annexe de la communaut\u00e9 de R\u00e9d\u00e9n\u00e9. Elle s\u2019agrandit par la suite en rachetant la salle des ventes du Poulfanc en 1997. C\u2019est enfin en 2001, que l\u2019annexe devient une communaut\u00e9 autonome avec 9 compagnons. La communaut\u00e9 agrandit la salle des ventes en 2002 et 2003 avec l&rsquo;augmentation des demandes d&rsquo;accueil. Il y a alors 12 compagnons et 60 amis.<\/p>\n\n\n\n<p>En 2004 et 2005, les travaux d&rsquo;agrandissement ont commenc\u00e9 pour accueillir 25 compagnons suppl\u00e9mentaires avec \u00e9galement la cr\u00e9ation d&rsquo;ateliers. De 2006 \u00e0 2009, un agrandissement suppl\u00e9mentaire est r\u00e9alis\u00e9 pour accueillir plus de compagnons. La communaut\u00e9 d\u00e9m\u00e9nage au Guern \u00e0 Saint-Nolff, consacrant le Poulfanc uniquement \u00e0 la vente.<\/p>\n\n\n\n<p>Une deuxi\u00e8me salle des ventes est ouverte en 2010 pour les fripes et les jouets. En 2017, la communaut\u00e9 loue puis acquiert en 2019 un troisi\u00e8me b\u00e2timent au Poulfanc o\u00f9 s&rsquo;installent le tri et la vente des fripes. L\u2019ancien b\u00e2timent du textile fait d\u00e9sormais place aux livres, aux jouets et \u00e0 la mercerie.<\/p>\n\n\n\n<p>Par ailleurs, la communaut\u00e9 s\u2019agrandit en 2018 avec la construction de nouveaux logements \u00e0 Saint-Nolff. Tout cela c\u2019est gr\u00e2ce \u00e0 VOUS.<\/p>\n\n\n\n<p>Merci \u00e0 tous pour votre soutien !<\/p>\n\n\n\n<p><\/p>\n\n\n\n<p><\/p>\n","protected":false},"excerpt":{"rendered":"<p>L&rsquo;histoire d&rsquo;Emmaus Vannes La communaut\u00e9 de Vannes fait partie du grand r\u00e9seau Emma\u00fcs. Dans un premier temps en 1990, elle est une annexe de la&hellip;<\/p>\n","protected":false},"author":2,"featured_media":0,"parent":0,"menu_order":0,"comment_status":"closed","ping_status":"closed","template":"","meta":{"_monsterinsights_skip_tracking":false,"_monsterinsights_sitenote_active":false,"_monsterinsights_sitenote_note":"","_monsterinsights_sitenote_category":0,"footnotes":""},"class_list":["post-71","page","type-page","status-publish","hentry"],"yoast_head":"<!-- This site is optimized with the Yoast SEO plugin v26.3 - https:\/\/yoast.com\/wordpress\/plugins\/seo\/ -->\n<title>Notre communaut\u00e9 - Emma\u00fcs Pays de Vannes<\/title>\n<meta name=\"description\" content=\"La communaut\u00e9 de Vannes fait partie du grand r\u00e9seau Emma\u00fcs. En 1990, elle est une annexe de la communaut\u00e9 de R\u00e9d\u00e9n\u00e9. En 2001, elle devient une communaut\u00e9 autonome\" \/>\n<meta name=\"robots\" content=\"index, follow, max-snippet:-1, max-image-preview:large, max-video-preview:-1\" \/>\n<link rel=\"canonical\" href=\"https:\/\/emmausvannes.org\/index.php\/notre-communaute\/\" \/>\n<meta property=\"og:locale\" content=\"fr_FR\" \/>\n<meta property=\"og:type\" content=\"article\" \/>\n<meta property=\"og:title\" content=\"Notre communaut\u00e9 - Emma\u00fcs Pays de Vannes\" \/>\n<meta property=\"og:description\" content=\"La communaut\u00e9 de Vannes fait partie du grand r\u00e9seau Emma\u00fcs. En 1990, elle est une annexe de la communaut\u00e9 de R\u00e9d\u00e9n\u00e9. En 2001, elle devient une communaut\u00e9 autonome\" \/>\n<meta property=\"og:url\" content=\"https:\/\/emmausvannes.org\/index.php\/notre-communaute\/\" \/>\n<meta property=\"og:site_name\" content=\"Emma\u00fcs Pays de Vannes\" \/>\n<meta property=\"article:publisher\" content=\"https:\/\/www.facebook.com\/emmausvannes56\" \/>\n<meta property=\"article:modified_time\" content=\"2025-03-01T08:00:16+00:00\" \/>\n<meta property=\"og:image\" content=\"https:\/\/emmausvannes.org\/wp-content\/uploads\/2021\/04\/Photo-une-excellente-equipe._-e1626771678768.jpg\" \/>\n\t<meta property=\"og:image:width\" content=\"1010\" \/>\n\t<meta property=\"og:image:height\" content=\"638\" \/>\n\t<meta property=\"og:image:type\" content=\"image\/jpeg\" \/>\n<meta name=\"twitter:card\" content=\"summary_large_image\" \/>\n<meta name=\"twitter:label1\" content=\"Dur\u00e9e de lecture estim\u00e9e\" \/>\n\t<meta name=\"twitter:data1\" content=\"2 minutes\" \/>\n<script type=\"application\/ld+json\" class=\"yoast-schema-graph\">{\"@context\":\"https:\/\/schema.org\",\"@graph\":[{\"@type\":\"WebPage\",\"@id\":\"https:\/\/emmausvannes.org\/index.php\/notre-communaute\/\",\"url\":\"https:\/\/emmausvannes.org\/index.php\/notre-communaute\/\",\"name\":\"Notre communaut\u00e9 - Emma\u00fcs Pays de Vannes\",\"isPartOf\":{\"@id\":\"https:\/\/emmausvannes.org\/#website\"},\"primaryImageOfPage\":{\"@id\":\"https:\/\/emmausvannes.org\/index.php\/notre-communaute\/#primaryimage\"},\"image\":{\"@id\":\"https:\/\/emmausvannes.org\/index.php\/notre-communaute\/#primaryimage\"},\"thumbnailUrl\":\"http:\/\/emmausvannes.org\/wp-content\/uploads\/2021\/04\/Photo-une-excellente-equipe._-e1626771678768.jpg\",\"datePublished\":\"2021-03-30T09:07:41+00:00\",\"dateModified\":\"2025-03-01T08:00:16+00:00\",\"description\":\"La communaut\u00e9 de Vannes fait partie du grand r\u00e9seau Emma\u00fcs. En 1990, elle est une annexe de la communaut\u00e9 de R\u00e9d\u00e9n\u00e9. En 2001, elle devient une communaut\u00e9 autonome\",\"breadcrumb\":{\"@id\":\"https:\/\/emmausvannes.org\/index.php\/notre-communaute\/#breadcrumb\"},\"inLanguage\":\"fr-FR\",\"potentialAction\":[{\"@type\":\"ReadAction\",\"target\":[\"https:\/\/emmausvannes.org\/index.php\/notre-communaute\/\"]}]},{\"@type\":\"ImageObject\",\"inLanguage\":\"fr-FR\",\"@id\":\"https:\/\/emmausvannes.org\/index.php\/notre-communaute\/#primaryimage\",\"url\":\"https:\/\/emmausvannes.org\/wp-content\/uploads\/2021\/04\/Photo-une-excellente-equipe._-e1626771678768.jpg\",\"contentUrl\":\"https:\/\/emmausvannes.org\/wp-content\/uploads\/2021\/04\/Photo-une-excellente-equipe._-e1626771678768.jpg\",\"width\":1010,\"height\":638,\"caption\":\"Photo \u00e9quipe fripes\"},{\"@type\":\"BreadcrumbList\",\"@id\":\"https:\/\/emmausvannes.org\/index.php\/notre-communaute\/#breadcrumb\",\"itemListElement\":[{\"@type\":\"ListItem\",\"position\":1,\"name\":\"Accueil\",\"item\":\"https:\/\/emmausvannes.org\/\"},{\"@type\":\"ListItem\",\"position\":2,\"name\":\"Notre communaut\u00e9\"}]},{\"@type\":\"WebSite\",\"@id\":\"https:\/\/emmausvannes.org\/#website\",\"url\":\"https:\/\/emmausvannes.org\/\",\"name\":\"Emma\u00fcs Pays de Vannes\",\"description\":\"\",\"publisher\":{\"@id\":\"https:\/\/emmausvannes.org\/#organization\"},\"potentialAction\":[{\"@type\":\"SearchAction\",\"target\":{\"@type\":\"EntryPoint\",\"urlTemplate\":\"https:\/\/emmausvannes.org\/?s={search_term_string}\"},\"query-input\":{\"@type\":\"PropertyValueSpecification\",\"valueRequired\":true,\"valueName\":\"search_term_string\"}}],\"inLanguage\":\"fr-FR\"},{\"@type\":\"Organization\",\"@id\":\"https:\/\/emmausvannes.org\/#organization\",\"name\":\"Communaut\u00e9 Emma\u00fcs pays de Vannes\",\"url\":\"https:\/\/emmausvannes.org\/\",\"logo\":{\"@type\":\"ImageObject\",\"inLanguage\":\"fr-FR\",\"@id\":\"https:\/\/emmausvannes.org\/#\/schema\/logo\/image\/\",\"url\":\"https:\/\/emmausvannes.org\/wp-content\/uploads\/2021\/04\/Logo.png\",\"contentUrl\":\"https:\/\/emmausvannes.org\/wp-content\/uploads\/2021\/04\/Logo.png\",\"width\":751,\"height\":624,\"caption\":\"Communaut\u00e9 Emma\u00fcs pays de Vannes\"},\"image\":{\"@id\":\"https:\/\/emmausvannes.org\/#\/schema\/logo\/image\/\"},\"sameAs\":[\"https:\/\/www.facebook.com\/emmausvannes56\"]}]}<\/script>\n<!-- \/ Yoast SEO plugin. -->","yoast_head_json":{"title":"Notre communaut\u00e9 - Emma\u00fcs Pays de Vannes","description":"La communaut\u00e9 de Vannes fait partie du grand r\u00e9seau Emma\u00fcs. En 1990, elle est une annexe de la communaut\u00e9 de R\u00e9d\u00e9n\u00e9. En 2001, elle devient une communaut\u00e9 autonome","robots":{"index":"index","follow":"follow","max-snippet":"max-snippet:-1","max-image-preview":"max-image-preview:large","max-video-preview":"max-video-preview:-1"},"canonical":"https:\/\/emmausvannes.org\/index.php\/notre-communaute\/","og_locale":"fr_FR","og_type":"article","og_title":"Notre communaut\u00e9 - Emma\u00fcs Pays de Vannes","og_description":"La communaut\u00e9 de Vannes fait partie du grand r\u00e9seau Emma\u00fcs. En 1990, elle est une annexe de la communaut\u00e9 de R\u00e9d\u00e9n\u00e9. En 2001, elle devient une communaut\u00e9 autonome","og_url":"https:\/\/emmausvannes.org\/index.php\/notre-communaute\/","og_site_name":"Emma\u00fcs Pays de Vannes","article_publisher":"https:\/\/www.facebook.com\/emmausvannes56","article_modified_time":"2025-03-01T08:00:16+00:00","og_image":[{"width":1010,"height":638,"url":"https:\/\/emmausvannes.org\/wp-content\/uploads\/2021\/04\/Photo-une-excellente-equipe._-e1626771678768.jpg","type":"image\/jpeg"}],"twitter_card":"summary_large_image","twitter_misc":{"Dur\u00e9e de lecture estim\u00e9e":"2 minutes"},"schema":{"@context":"https:\/\/schema.org","@graph":[{"@type":"WebPage","@id":"https:\/\/emmausvannes.org\/index.php\/notre-communaute\/","url":"https:\/\/emmausvannes.org\/index.php\/notre-communaute\/","name":"Notre communaut\u00e9 - Emma\u00fcs Pays de Vannes","isPartOf":{"@id":"https:\/\/emmausvannes.org\/#website"},"primaryImageOfPage":{"@id":"https:\/\/emmausvannes.org\/index.php\/notre-communaute\/#primaryimage"},"image":{"@id":"https:\/\/emmausvannes.org\/index.php\/notre-communaute\/#primaryimage"},"thumbnailUrl":"http:\/\/emmausvannes.org\/wp-content\/uploads\/2021\/04\/Photo-une-excellente-equipe._-e1626771678768.jpg","datePublished":"2021-03-30T09:07:41+00:00","dateModified":"2025-03-01T08:00:16+00:00","description":"La communaut\u00e9 de Vannes fait partie du grand r\u00e9seau Emma\u00fcs. En 1990, elle est une annexe de la communaut\u00e9 de R\u00e9d\u00e9n\u00e9. En 2001, elle devient une communaut\u00e9 autonome","breadcrumb":{"@id":"https:\/\/emmausvannes.org\/index.php\/notre-communaute\/#breadcrumb"},"inLanguage":"fr-FR","potentialAction":[{"@type":"ReadAction","target":["https:\/\/emmausvannes.org\/index.php\/notre-communaute\/"]}]},{"@type":"ImageObject","inLanguage":"fr-FR","@id":"https:\/\/emmausvannes.org\/index.php\/notre-communaute\/#primaryimage","url":"https:\/\/emmausvannes.org\/wp-content\/uploads\/2021\/04\/Photo-une-excellente-equipe._-e1626771678768.jpg","contentUrl":"https:\/\/emmausvannes.org\/wp-content\/uploads\/2021\/04\/Photo-une-excellente-equipe._-e1626771678768.jpg","width":1010,"height":638,"caption":"Photo \u00e9quipe fripes"},{"@type":"BreadcrumbList","@id":"https:\/\/emmausvannes.org\/index.php\/notre-communaute\/#breadcrumb","itemListElement":[{"@type":"ListItem","position":1,"name":"Accueil","item":"https:\/\/emmausvannes.org\/"},{"@type":"ListItem","position":2,"name":"Notre communaut\u00e9"}]},{"@type":"WebSite","@id":"https:\/\/emmausvannes.org\/#website","url":"https:\/\/emmausvannes.org\/","name":"Emma\u00fcs Pays de Vannes","description":"","publisher":{"@id":"https:\/\/emmausvannes.org\/#organization"},"potentialAction":[{"@type":"SearchAction","target":{"@type":"EntryPoint","urlTemplate":"https:\/\/emmausvannes.org\/?s={search_term_string}"},"query-input":{"@type":"PropertyValueSpecification","valueRequired":true,"valueName":"search_term_string"}}],"inLanguage":"fr-FR"},{"@type":"Organization","@id":"https:\/\/emmausvannes.org\/#organization","name":"Communaut\u00e9 Emma\u00fcs pays de Vannes","url":"https:\/\/emmausvannes.org\/","logo":{"@type":"ImageObject","inLanguage":"fr-FR","@id":"https:\/\/emmausvannes.org\/#\/schema\/logo\/image\/","url":"https:\/\/emmausvannes.org\/wp-content\/uploads\/2021\/04\/Logo.png","contentUrl":"https:\/\/emmausvannes.org\/wp-content\/uploads\/2021\/04\/Logo.png","width":751,"height":624,"caption":"Communaut\u00e9 Emma\u00fcs pays de Vannes"},"image":{"@id":"https:\/\/emmausvannes.org\/#\/schema\/logo\/image\/"},"sameAs":["https:\/\/www.facebook.com\/emmausvannes56"]}]}},"_links":{"self":[{"href":"https:\/\/emmausvannes.org\/index.php\/wp-json\/wp\/v2\/pages\/71","targetHints":{"allow":["GET"]}}],"collection":[{"href":"https:\/\/emmausvannes.org\/index.php\/wp-json\/wp\/v2\/pages"}],"about":[{"href":"https:\/\/emmausvannes.org\/index.php\/wp-json\/wp\/v2\/types\/page"}],"author":[{"embeddable":true,"href":"https:\/\/emmausvannes.org\/index.php\/wp-json\/wp\/v2\/users\/2"}],"replies":[{"embeddable":true,"href":"https:\/\/emmausvannes.org\/index.php\/wp-json\/wp\/v2\/comments?post=71"}],"version-history":[{"count":10,"href":"https:\/\/emmausvannes.org\/index.php\/wp-json\/wp\/v2\/pages\/71\/revisions"}],"predecessor-version":[{"id":1424,"href":"https:\/\/emmausvannes.org\/index.php\/wp-json\/wp\/v2\/pages\/71\/revisions\/1424"}],"wp:attachment":[{"href":"https:\/\/emmausvannes.org\/index.php\/wp-json\/wp\/v2\/media?parent=71"}],"curies":[{"name":"wp","href":"https:\/\/api.w.org\/{rel}","templated":true}]}}